{"id":2516,"date":"2025-10-02T16:52:26","date_gmt":"2025-10-02T16:52:26","guid":{"rendered":"https:\/\/project-spaces.eu\/b4b\/?page_id=2516"},"modified":"2026-02-17T11:47:38","modified_gmt":"2026-02-17T11:47:38","slug":"pathways","status":"publish","type":"page","link":"https:\/\/project-spaces.eu\/b4b\/de\/pathways\/","title":{"rendered":"Wege"},"content":{"rendered":"<p>Dieser Fahrplan bietet einen strukturierten Weg und Zeitplan f\u00fcr kleine und mittlere Unternehmen (KMU), die Technologien der k\u00fcnstlichen Intelligenz (KI) einf\u00fchren m\u00f6chten. Er skizziert einen F\u00fcnf-Phasen-Rahmen, der auf alle KMU angewendet werden kann:&nbsp;<\/p>\n\n\n\n<ol class=\"wp-block-list\">\n<li>Bewertung und Bereitschaft&nbsp;<\/li>\n\n\n\n<li>Auswahl und Planung von Technologien&nbsp;<\/li>\n\n\n\n<li>Umsetzung und Integration&nbsp;<\/li>\n\n\n\n<li>\u00dcberwachung und Optimierung&nbsp;<\/li>\n\n\n\n<li>Compliance, Ethik und Skalierung&nbsp;<\/li>\n<\/ol>\n\n\n\n<p>Es handelt sich um einen Leitfaden, der auf bew\u00e4hrten Verfahren basiert und die regionalen Unterschiede bei der Einf\u00fchrung von KI in der EU ber\u00fccksichtigt, die in den Partnerl\u00e4ndern Frankreich, Spanien, Kroatien, \u00d6sterreich, Italien und Irland analysiert wurden: Jeder Partner hat drei nationale und ein EU-Beispiel aus einem Land ausgew\u00e4hlt, das nicht im Konsortium vertreten ist.<\/p>\n\n\n\n<p>Die Untersuchung ergab eine Liste von KMU-Sektoren, in denen KI in verschiedenen Prozessen und Aktivit\u00e4ten angewandt wird, wie folgt:<\/p>\n\n\n\n<ul class=\"wp-block-list\">\n<li>Handel, Marketing und Vertrieb&nbsp;<\/li>\n\n\n\n<li>Industrie und Fertigung&nbsp;<\/li>\n<\/ul>\n\n\n\n<ul class=\"wp-block-list\">\n<li>Digital und Information&nbsp;<\/li>\n\n\n\n<li>Technologie Gesundheitswesen und Biowissenschaften&nbsp;<\/li>\n\n\n\n<li>Dienstleistungen f\u00fcr Unternehmen und Freiberufler&nbsp;<\/li>\n\n\n\n<li>Finanzen und Fintech<\/li>\n\n\n\n<li>Logistik und Gastgewerbe<\/li>\n<\/ul>\n\n\n\n<p>Wir sind uns jedoch dar\u00fcber im Klaren, dass es f\u00fcr KMU schwierig sein kann, zu erkennen, wie diese Phasen in der Praxis auf ihre spezifischen Branchen anwendbar sind. Aus diesem Grund ist der Fahrplan in zwei Teile gegliedert:<\/p>\n\n\n\n<ol class=\"wp-block-list\">\n<li>Kernkonzept: ein allgemeines, auf alle KMU anwendbares \u00dcbergangsmodell.<\/li>\n\n\n\n<li>Spezifische Pfade f\u00fcr Sektoren: Unterabschnitte, die anhand konkreter Beispiele veranschaulichen, wie der Rahmen auf die verschiedenen in der Analyse ermittelten Branchen zugeschnitten werden kann.&nbsp;<\/li>\n<\/ol>\n\n\n\n<p>Dieser duale Ansatz stellt sicher, dass KMU von einem strukturierten \u00dcbergangsmodell profitieren k\u00f6nnen und gleichzeitig Zugang zu praktischen, branchenrelevanten Leitlinien f\u00fcr die Einf\u00fchrung von KI haben.<\/p>\n\n\n\n<p class=\"has-large-font-size\"><strong>Bestimmte Materialien<\/strong><\/p>\n\n\n\n<style>\n\/* Hide all by default *\/\n.lang-iframe { display: none; }\n\n\/* Show one based on <html lang=\"..\"> *\/\nhtml[lang^=\"en\"] .iframe-en { display: block; }\nhtml[lang^=\"es\"] .iframe-es { display: block; }\nhtml[lang^=\"fr\"] .iframe-fr { display: block; }\nhtml[lang^=\"de\"] .iframe-de { display: block; }\nhtml[lang^=\"it\"] .iframe-it { display: block; }\nhtml[lang^=\"hr\"] .iframe-hr { display: block; }\n<\/style>\n\n<div class=\"lang-iframe iframe-en\">\n  <iframe src=\"https:\/\/heyzine.com\/flip-book\/3170701f78.html\" width=\"100%\" height=\"800\" style=\"border:0;\" loading=\"lazy\"><\/iframe>\n<\/div>\n\n<div class=\"lang-iframe iframe-es\">\n  <iframe src=\"https:\/\/heyzine.com\/flip-book\/9f115b89ef.html\" width=\"100%\" height=\"800\" style=\"border:0;\" loading=\"lazy\"><\/iframe>\n<\/div>\n\n<div class=\"lang-iframe iframe-fr\">\n  <iframe src=\"https:\/\/heyzine.com\/flip-book\/4acf5992c9.html\" width=\"100%\" height=\"800\" style=\"border:0;\" loading=\"lazy\"><\/iframe>\n<\/div>\n\n<div class=\"lang-iframe iframe-de\">\n  <iframe src=\"https:\/\/heyzine.com\/flip-book\/940c535fb7.html\" width=\"100%\" height=\"800\" style=\"border:0;\" loading=\"lazy\"><\/iframe>\n<\/div>\n\n<div class=\"lang-iframe iframe-it\">\n  <iframe src=\"https:\/\/heyzine.com\/flip-book\/bd96860863.html\" width=\"100%\" height=\"800\" style=\"border:0;\" loading=\"lazy\"><\/iframe>\n<\/div>\n\n<div class=\"lang-iframe iframe-hr\">\n  <iframe src=\"https:\/\/heyzine.com\/flip-book\/b4989c9f8f.html\" width=\"100%\" height=\"800\" style=\"border:0;\" loading=\"lazy\"><\/iframe>\n<\/div>\n\n\n\n\n<p><\/p>","protected":false},"excerpt":{"rendered":"<p>This roadmap provides a structured path and timetable for small and medium-sized enterprises (SMEs) wishing to adopt artificial intelligence (AI) technologies. It outlines a five-phase framework, that can be applied across all SMEs:&nbsp; It is a guide based on the best practices taking into account the regional disparities of AI adoption across EU analysed in [&hellip;]<\/p>","protected":false},"author":6,"featured_media":0,"parent":0,"menu_order":0,"comment_status":"closed","ping_status":"closed","template":"","meta":{"footnotes":""},"class_list":["post-2516","page","type-page","status-publish","hentry"],"_links":{"self":[{"href":"https:\/\/project-spaces.eu\/b4b\/de\/wp-json\/wp\/v2\/pages\/2516","targetHints":{"allow":["GET"]}}],"collection":[{"href":"https:\/\/project-spaces.eu\/b4b\/de\/wp-json\/wp\/v2\/pages"}],"about":[{"href":"https:\/\/project-spaces.eu\/b4b\/de\/wp-json\/wp\/v2\/types\/page"}],"author":[{"embeddable":true,"href":"https:\/\/project-spaces.eu\/b4b\/de\/wp-json\/wp\/v2\/users\/6"}],"replies":[{"embeddable":true,"href":"https:\/\/project-spaces.eu\/b4b\/de\/wp-json\/wp\/v2\/comments?post=2516"}],"version-history":[{"count":4,"href":"https:\/\/project-spaces.eu\/b4b\/de\/wp-json\/wp\/v2\/pages\/2516\/revisions"}],"predecessor-version":[{"id":2627,"href":"https:\/\/project-spaces.eu\/b4b\/de\/wp-json\/wp\/v2\/pages\/2516\/revisions\/2627"}],"wp:attachment":[{"href":"https:\/\/project-spaces.eu\/b4b\/de\/wp-json\/wp\/v2\/media?parent=2516"}],"curies":[{"name":"wp","href":"https:\/\/api.w.org\/{rel}","templated":true}]}}