{"id":2516,"date":"2025-10-02T16:52:26","date_gmt":"2025-10-02T16:52:26","guid":{"rendered":"https:\/\/project-spaces.eu\/b4b\/?page_id=2516"},"modified":"2026-02-17T11:47:38","modified_gmt":"2026-02-17T11:47:38","slug":"pathways","status":"publish","type":"page","link":"https:\/\/project-spaces.eu\/b4b\/es\/pathways\/","title":{"rendered":"Caminos"},"content":{"rendered":"<p>Esta hoja de ruta ofrece un itinerario y un calendario estructurados para las peque\u00f1as y medianas empresas (PYME) que deseen adoptar tecnolog\u00edas de inteligencia artificial (IA). Esboza un marco de cinco fases que puede aplicarse a todas las PYME:&nbsp;<\/p>\n\n\n\n<ol class=\"wp-block-list\">\n<li>Evaluaci\u00f3n y preparaci\u00f3n&nbsp;<\/li>\n\n\n\n<li>Selecci\u00f3n y planificaci\u00f3n de tecnolog\u00edas&nbsp;<\/li>\n\n\n\n<li>Aplicaci\u00f3n e integraci\u00f3n&nbsp;<\/li>\n\n\n\n<li>Supervisi\u00f3n y optimizaci\u00f3n&nbsp;<\/li>\n\n\n\n<li>Cumplimiento, \u00e9tica y ampliaci\u00f3n&nbsp;<\/li>\n<\/ol>\n\n\n\n<p>Se trata de una gu\u00eda basada en las mejores pr\u00e1cticas que tiene en cuenta las disparidades regionales de adopci\u00f3n de la IA en la UE analizadas en los pa\u00edses socios Francia, Espa\u00f1a, Croacia, Austria, Italia e Irlanda: cada socio ha elegido 3 ejemplos nacionales y 1 de la UE de un pa\u00eds no representado en el consorcio.<\/p>\n\n\n\n<p>La investigaci\u00f3n revel\u00f3 una lista de sectores de PYME en los que se ha aplicado la IA en diversos procesos y actividades, como se indica a continuaci\u00f3n:<\/p>\n\n\n\n<ul class=\"wp-block-list\">\n<li>Comercio, marketing y ventas&nbsp;<\/li>\n\n\n\n<li>Industria y fabricaci\u00f3n&nbsp;<\/li>\n<\/ul>\n\n\n\n<ul class=\"wp-block-list\">\n<li>Digital e Informaci\u00f3n&nbsp;<\/li>\n\n\n\n<li>Tecnolog\u00eda Sanidad y ciencias de la vida&nbsp;<\/li>\n\n\n\n<li>Servicios empresariales y profesionales&nbsp;<\/li>\n\n\n\n<li>Finanzas y Fintech<\/li>\n\n\n\n<li>Log\u00edstica y hosteler\u00eda<\/li>\n<\/ul>\n\n\n\n<p>Sin embargo, reconocemos que a las PYME puede resultarles dif\u00edcil ver c\u00f3mo se aplican estas fases en la pr\u00e1ctica a sus sectores espec\u00edficos. Por esta raz\u00f3n, la hoja de ruta est\u00e1 organizada en dos partes:<\/p>\n\n\n\n<ol class=\"wp-block-list\">\n<li>Marco b\u00e1sico: un modelo general de transici\u00f3n aplicable a todas las PYME.<\/li>\n\n\n\n<li>V\u00edas espec\u00edficas para los sectores: subsecciones que ilustran, con ejemplos concretos, c\u00f3mo puede adaptarse el marco a las distintas industrias identificadas en el an\u00e1lisis.&nbsp;<\/li>\n<\/ol>\n\n\n\n<p>Este doble enfoque garantiza que las PYME puedan beneficiarse de un modelo de transici\u00f3n estructurado y, al mismo tiempo, acceder a orientaciones pr\u00e1cticas y relevantes para el sector para la adopci\u00f3n de la IA.<\/p>\n\n\n\n<p class=\"has-large-font-size\"><strong>Materiales espec\u00edficos<\/strong><\/p>\n\n\n\n<style>\n\/* Hide all by default *\/\n.lang-iframe { display: none; }\n\n\/* Show one based on <html lang=\"..\"> *\/\nhtml[lang^=\"en\"] .iframe-en { display: block; }\nhtml[lang^=\"es\"] .iframe-es { display: block; }\nhtml[lang^=\"fr\"] .iframe-fr { display: block; }\nhtml[lang^=\"de\"] .iframe-de { display: block; }\nhtml[lang^=\"it\"] .iframe-it { display: block; }\nhtml[lang^=\"hr\"] .iframe-hr { display: block; }\n<\/style>\n\n<div class=\"lang-iframe iframe-en\">\n  <iframe src=\"https:\/\/heyzine.com\/flip-book\/3170701f78.html\" width=\"100%\" height=\"800\" style=\"border:0;\" loading=\"lazy\"><\/iframe>\n<\/div>\n\n<div class=\"lang-iframe iframe-es\">\n  <iframe src=\"https:\/\/heyzine.com\/flip-book\/9f115b89ef.html\" width=\"100%\" height=\"800\" style=\"border:0;\" loading=\"lazy\"><\/iframe>\n<\/div>\n\n<div class=\"lang-iframe iframe-fr\">\n  <iframe src=\"https:\/\/heyzine.com\/flip-book\/4acf5992c9.html\" width=\"100%\" height=\"800\" style=\"border:0;\" loading=\"lazy\"><\/iframe>\n<\/div>\n\n<div class=\"lang-iframe iframe-de\">\n  <iframe src=\"https:\/\/heyzine.com\/flip-book\/940c535fb7.html\" width=\"100%\" height=\"800\" style=\"border:0;\" loading=\"lazy\"><\/iframe>\n<\/div>\n\n<div class=\"lang-iframe iframe-it\">\n  <iframe src=\"https:\/\/heyzine.com\/flip-book\/bd96860863.html\" width=\"100%\" height=\"800\" style=\"border:0;\" loading=\"lazy\"><\/iframe>\n<\/div>\n\n<div class=\"lang-iframe iframe-hr\">\n  <iframe src=\"https:\/\/heyzine.com\/flip-book\/b4989c9f8f.html\" width=\"100%\" height=\"800\" style=\"border:0;\" loading=\"lazy\"><\/iframe>\n<\/div>\n\n\n\n\n<p><\/p>","protected":false},"excerpt":{"rendered":"<p>This roadmap provides a structured path and timetable for small and medium-sized enterprises (SMEs) wishing to adopt artificial intelligence (AI) technologies. It outlines a five-phase framework, that can be applied across all SMEs:&nbsp; It is a guide based on the best practices taking into account the regional disparities of AI adoption across EU analysed in [&hellip;]<\/p>","protected":false},"author":6,"featured_media":0,"parent":0,"menu_order":0,"comment_status":"closed","ping_status":"closed","template":"","meta":{"footnotes":""},"class_list":["post-2516","page","type-page","status-publish","hentry"],"_links":{"self":[{"href":"https:\/\/project-spaces.eu\/b4b\/es\/wp-json\/wp\/v2\/pages\/2516","targetHints":{"allow":["GET"]}}],"collection":[{"href":"https:\/\/project-spaces.eu\/b4b\/es\/wp-json\/wp\/v2\/pages"}],"about":[{"href":"https:\/\/project-spaces.eu\/b4b\/es\/wp-json\/wp\/v2\/types\/page"}],"author":[{"embeddable":true,"href":"https:\/\/project-spaces.eu\/b4b\/es\/wp-json\/wp\/v2\/users\/6"}],"replies":[{"embeddable":true,"href":"https:\/\/project-spaces.eu\/b4b\/es\/wp-json\/wp\/v2\/comments?post=2516"}],"version-history":[{"count":4,"href":"https:\/\/project-spaces.eu\/b4b\/es\/wp-json\/wp\/v2\/pages\/2516\/revisions"}],"predecessor-version":[{"id":2627,"href":"https:\/\/project-spaces.eu\/b4b\/es\/wp-json\/wp\/v2\/pages\/2516\/revisions\/2627"}],"wp:attachment":[{"href":"https:\/\/project-spaces.eu\/b4b\/es\/wp-json\/wp\/v2\/media?parent=2516"}],"curies":[{"name":"wp","href":"https:\/\/api.w.org\/{rel}","templated":true}]}}