{"id":2516,"date":"2025-10-02T16:52:26","date_gmt":"2025-10-02T16:52:26","guid":{"rendered":"https:\/\/project-spaces.eu\/b4b\/?page_id=2516"},"modified":"2026-02-17T11:47:38","modified_gmt":"2026-02-17T11:47:38","slug":"pathways","status":"publish","type":"page","link":"https:\/\/project-spaces.eu\/b4b\/fr\/pathways\/","title":{"rendered":"Voies d'acc\u00e8s"},"content":{"rendered":"<p>Cette feuille de route propose un parcours structur\u00e9 et un calendrier aux petites et moyennes entreprises (PME) qui souhaitent adopter les technologies de l'intelligence artificielle (IA). Elle pr\u00e9sente un cadre en cinq phases, qui peut \u00eatre appliqu\u00e9 \u00e0 toutes les PME :&nbsp;<\/p>\n\n\n\n<ol class=\"wp-block-list\">\n<li>\u00c9valuation et pr\u00e9paration&nbsp;<\/li>\n\n\n\n<li>S\u00e9lection et planification des technologies&nbsp;<\/li>\n\n\n\n<li>Mise en \u0153uvre et int\u00e9gration&nbsp;<\/li>\n\n\n\n<li>Suivi et optimisation&nbsp;<\/li>\n\n\n\n<li>Conformit\u00e9, \u00e9thique et \u00e9chelle&nbsp;<\/li>\n<\/ol>\n\n\n\n<p>Il s'agit d'un guide bas\u00e9 sur les meilleures pratiques prenant en compte les disparit\u00e9s r\u00e9gionales de l'adoption de l'IA dans l'UE analys\u00e9es dans les pays partenaires France, Espagne, Croatie, Autriche, Italie, Irlande : chaque partenaire a choisi 3 exemples nationaux et 1 exemple europ\u00e9en d'un pays non repr\u00e9sent\u00e9 au sein du consortium.<\/p>\n\n\n\n<p>La recherche a r\u00e9v\u00e9l\u00e9 une liste de secteurs de PME o\u00f9 l'IA a \u00e9t\u00e9 appliqu\u00e9e \u00e0 divers processus et activit\u00e9s, comme suit :<\/p>\n\n\n\n<ul class=\"wp-block-list\">\n<li>Commerce, marketing et ventes&nbsp;<\/li>\n\n\n\n<li>Industrie et fabrication&nbsp;<\/li>\n<\/ul>\n\n\n\n<ul class=\"wp-block-list\">\n<li>Num\u00e9rique et information&nbsp;<\/li>\n\n\n\n<li>Technologie Soins de sant\u00e9 et sciences de la vie&nbsp;<\/li>\n\n\n\n<li>Services aux entreprises et aux professionnels&nbsp;<\/li>\n\n\n\n<li>Finance et Fintech<\/li>\n\n\n\n<li>Logistique et h\u00f4tellerie<\/li>\n<\/ul>\n\n\n\n<p>Toutefois, nous reconnaissons que les PME peuvent \u00e9prouver des difficult\u00e9s \u00e0 voir comment ces phases s'appliquent en pratique \u00e0 leurs industries sp\u00e9cifiques. C'est pourquoi la feuille de route est organis\u00e9e en deux parties :<\/p>\n\n\n\n<ol class=\"wp-block-list\">\n<li>Cadre de r\u00e9f\u00e9rence : un mod\u00e8le de transition g\u00e9n\u00e9ral applicable \u00e0 toutes les PME.<\/li>\n\n\n\n<li>Voies sp\u00e9cifiques pour les secteurs : sous-sections illustrant, \u00e0 l'aide d'exemples concrets, comment le cadre peut \u00eatre adapt\u00e9 aux diff\u00e9rentes industries identifi\u00e9es dans l'analyse.&nbsp;<\/li>\n<\/ol>\n\n\n\n<p>Cette double approche permet aux PME de b\u00e9n\u00e9ficier d'un mod\u00e8le de transition structur\u00e9 tout en acc\u00e9dant \u00e0 des conseils pratiques et sectoriels pour l'adoption de l'IA.<\/p>\n\n\n\n<p class=\"has-large-font-size\"><strong>Mat\u00e9riaux d\u00e9di\u00e9s<\/strong><\/p>\n\n\n\n<style>\n\/* Hide all by default *\/\n.lang-iframe { display: none; }\n\n\/* Show one based on <html lang=\"..\"> *\/\nhtml[lang^=\"en\"] .iframe-en { display: block; }\nhtml[lang^=\"es\"] .iframe-es { display: block; }\nhtml[lang^=\"fr\"] .iframe-fr { display: block; }\nhtml[lang^=\"de\"] .iframe-de { display: block; }\nhtml[lang^=\"it\"] .iframe-it { display: block; }\nhtml[lang^=\"hr\"] .iframe-hr { display: block; }\n<\/style>\n\n<div class=\"lang-iframe iframe-en\">\n  <iframe src=\"https:\/\/heyzine.com\/flip-book\/3170701f78.html\" width=\"100%\" height=\"800\" style=\"border:0;\" loading=\"lazy\"><\/iframe>\n<\/div>\n\n<div class=\"lang-iframe iframe-es\">\n  <iframe src=\"https:\/\/heyzine.com\/flip-book\/9f115b89ef.html\" width=\"100%\" height=\"800\" style=\"border:0;\" loading=\"lazy\"><\/iframe>\n<\/div>\n\n<div class=\"lang-iframe iframe-fr\">\n  <iframe src=\"https:\/\/heyzine.com\/flip-book\/4acf5992c9.html\" width=\"100%\" height=\"800\" style=\"border:0;\" loading=\"lazy\"><\/iframe>\n<\/div>\n\n<div class=\"lang-iframe iframe-de\">\n  <iframe src=\"https:\/\/heyzine.com\/flip-book\/940c535fb7.html\" width=\"100%\" height=\"800\" style=\"border:0;\" loading=\"lazy\"><\/iframe>\n<\/div>\n\n<div class=\"lang-iframe iframe-it\">\n  <iframe src=\"https:\/\/heyzine.com\/flip-book\/bd96860863.html\" width=\"100%\" height=\"800\" style=\"border:0;\" loading=\"lazy\"><\/iframe>\n<\/div>\n\n<div class=\"lang-iframe iframe-hr\">\n  <iframe src=\"https:\/\/heyzine.com\/flip-book\/b4989c9f8f.html\" width=\"100%\" height=\"800\" style=\"border:0;\" loading=\"lazy\"><\/iframe>\n<\/div>\n\n\n\n\n<p><\/p>","protected":false},"excerpt":{"rendered":"<p>This roadmap provides a structured path and timetable for small and medium-sized enterprises (SMEs) wishing to adopt artificial intelligence (AI) technologies. It outlines a five-phase framework, that can be applied across all SMEs:&nbsp; It is a guide based on the best practices taking into account the regional disparities of AI adoption across EU analysed in [&hellip;]<\/p>","protected":false},"author":6,"featured_media":0,"parent":0,"menu_order":0,"comment_status":"closed","ping_status":"closed","template":"","meta":{"footnotes":""},"class_list":["post-2516","page","type-page","status-publish","hentry"],"_links":{"self":[{"href":"https:\/\/project-spaces.eu\/b4b\/fr\/wp-json\/wp\/v2\/pages\/2516","targetHints":{"allow":["GET"]}}],"collection":[{"href":"https:\/\/project-spaces.eu\/b4b\/fr\/wp-json\/wp\/v2\/pages"}],"about":[{"href":"https:\/\/project-spaces.eu\/b4b\/fr\/wp-json\/wp\/v2\/types\/page"}],"author":[{"embeddable":true,"href":"https:\/\/project-spaces.eu\/b4b\/fr\/wp-json\/wp\/v2\/users\/6"}],"replies":[{"embeddable":true,"href":"https:\/\/project-spaces.eu\/b4b\/fr\/wp-json\/wp\/v2\/comments?post=2516"}],"version-history":[{"count":4,"href":"https:\/\/project-spaces.eu\/b4b\/fr\/wp-json\/wp\/v2\/pages\/2516\/revisions"}],"predecessor-version":[{"id":2627,"href":"https:\/\/project-spaces.eu\/b4b\/fr\/wp-json\/wp\/v2\/pages\/2516\/revisions\/2627"}],"wp:attachment":[{"href":"https:\/\/project-spaces.eu\/b4b\/fr\/wp-json\/wp\/v2\/media?parent=2516"}],"curies":[{"name":"wp","href":"https:\/\/api.w.org\/{rel}","templated":true}]}}