{"id":2516,"date":"2025-10-02T16:52:26","date_gmt":"2025-10-02T16:52:26","guid":{"rendered":"https:\/\/project-spaces.eu\/b4b\/?page_id=2516"},"modified":"2026-02-17T11:47:38","modified_gmt":"2026-02-17T11:47:38","slug":"pathways","status":"publish","type":"page","link":"https:\/\/project-spaces.eu\/b4b\/hr\/pathways\/","title":{"rendered":"Putovi"},"content":{"rendered":"<p>Ovaj plan pru\u017ea strukturirani put i vremenski okvir za mala i srednja poduze\u0107a (MSP) koja \u017eele usvojiti tehnologije umjetne inteligencije (AI). Ocrtava okvir od pet faza koji se mo\u017ee primijeniti na sva MSP-a:&nbsp;<\/p>\n\n\n\n<ol class=\"wp-block-list\">\n<li>Procjena i spremnost&nbsp;<\/li>\n\n\n\n<li>Odabir i planiranje tehnologije&nbsp;<\/li>\n\n\n\n<li>Implementacija i integracija&nbsp;<\/li>\n\n\n\n<li>Pra\u0107enje i optimizacija&nbsp;<\/li>\n\n\n\n<li>Uskla\u0111enost, etika i skaliranje&nbsp;<\/li>\n<\/ol>\n\n\n\n<p>To je vodi\u010d temeljen na najboljim praksama, uzimaju\u0107i u obzir regionalne razlike u prihva\u0107anju umjetne inteligencije diljem EU, analizirane u partnerskim zemljama Francuskoj, \u0160panjolskoj, Hrvatskoj, Austriji, Italiji, Irskoj: svaki partner odabrao je 3 nacionalna i 1 EU primjer iz zemlje koja nije zastupljena u konzorciju.<\/p>\n\n\n\n<p>Istra\u017eivanje je otkrilo popis sektora malih i srednjih poduze\u0107a u kojima je umjetna inteligencija primijenjena u raznim procesima i aktivnostima, kako slijedi:<\/p>\n\n\n\n<ul class=\"wp-block-list\">\n<li>Trgovina, marketing i prodaja&nbsp;<\/li>\n\n\n\n<li>Industrija i proizvodnja&nbsp;<\/li>\n<\/ul>\n\n\n\n<ul class=\"wp-block-list\">\n<li>Digitalno i informacijsko&nbsp;<\/li>\n\n\n\n<li>Tehnologija, zdravstvo i znanosti o \u017eivotu&nbsp;<\/li>\n\n\n\n<li>Poslovne i profesionalne usluge&nbsp;<\/li>\n\n\n\n<li>Financije i Fintech<\/li>\n\n\n\n<li>Logistika i ugostiteljstvo<\/li>\n<\/ul>\n\n\n\n<p>Me\u0111utim, prepoznajemo da bi malim i srednjim poduze\u0107ima moglo biti te\u0161ko vidjeti kako se ove faze primjenjuju u praksi na njihove specifi\u010dne industrije. Iz tog razloga, plan je organiziran u dva dijela:<\/p>\n\n\n\n<ol class=\"wp-block-list\">\n<li>Osnovni okvir: op\u0107i model tranzicije primjenjiv na sva mala i srednja poduze\u0107a.<\/li>\n\n\n\n<li>Specifi\u010dni putevi za sektore: pododjeljci koji ilustriraju, s konkretnim primjerima, kako se okvir mo\u017ee prilagoditi razli\u010ditim industrijama identificiranim u analizi.&nbsp;<\/li>\n<\/ol>\n\n\n\n<p>Ovaj dvostruki pristup osigurava da mala i srednja poduze\u0107a mogu imati koristi od strukturiranog modela tranzicije, a istovremeno imaju pristup prakti\u010dnim, sektorski relevantnim smjernicama za usvajanje umjetne inteligencije.<\/p>\n\n\n\n<p class=\"has-large-font-size\"><strong>Namjenski materijali<\/strong><\/p>\n\n\n\n<style>\n\/* Hide all by default *\/\n.lang-iframe { display: none; }\n\n\/* Show one based on <html lang=\"..\"> *\/\nhtml[lang^=\"en\"] .iframe-en { display: block; }\nhtml[lang^=\"es\"] .iframe-es { display: block; }\nhtml[lang^=\"fr\"] .iframe-fr { display: block; }\nhtml[lang^=\"de\"] .iframe-de { display: block; }\nhtml[lang^=\"it\"] .iframe-it { display: block; }\nhtml[lang^=\"hr\"] .iframe-hr { display: block; }\n<\/style>\n\n<div class=\"lang-iframe iframe-en\">\n  <iframe src=\"https:\/\/heyzine.com\/flip-book\/3170701f78.html\" width=\"100%\" height=\"800\" style=\"border:0;\" loading=\"lazy\"><\/iframe>\n<\/div>\n\n<div class=\"lang-iframe iframe-es\">\n  <iframe src=\"https:\/\/heyzine.com\/flip-book\/9f115b89ef.html\" width=\"100%\" height=\"800\" style=\"border:0;\" loading=\"lazy\"><\/iframe>\n<\/div>\n\n<div class=\"lang-iframe iframe-fr\">\n  <iframe src=\"https:\/\/heyzine.com\/flip-book\/4acf5992c9.html\" width=\"100%\" height=\"800\" style=\"border:0;\" loading=\"lazy\"><\/iframe>\n<\/div>\n\n<div class=\"lang-iframe iframe-de\">\n  <iframe src=\"https:\/\/heyzine.com\/flip-book\/940c535fb7.html\" width=\"100%\" height=\"800\" style=\"border:0;\" loading=\"lazy\"><\/iframe>\n<\/div>\n\n<div class=\"lang-iframe iframe-it\">\n  <iframe src=\"https:\/\/heyzine.com\/flip-book\/bd96860863.html\" width=\"100%\" height=\"800\" style=\"border:0;\" loading=\"lazy\"><\/iframe>\n<\/div>\n\n<div class=\"lang-iframe iframe-hr\">\n  <iframe src=\"https:\/\/heyzine.com\/flip-book\/b4989c9f8f.html\" width=\"100%\" height=\"800\" style=\"border:0;\" loading=\"lazy\"><\/iframe>\n<\/div>\n\n\n\n\n<p><\/p>","protected":false},"excerpt":{"rendered":"<p>This roadmap provides a structured path and timetable for small and medium-sized enterprises (SMEs) wishing to adopt artificial intelligence (AI) technologies. It outlines a five-phase framework, that can be applied across all SMEs:&nbsp; It is a guide based on the best practices taking into account the regional disparities of AI adoption across EU analysed in [&hellip;]<\/p>","protected":false},"author":6,"featured_media":0,"parent":0,"menu_order":0,"comment_status":"closed","ping_status":"closed","template":"","meta":{"footnotes":""},"class_list":["post-2516","page","type-page","status-publish","hentry"],"_links":{"self":[{"href":"https:\/\/project-spaces.eu\/b4b\/hr\/wp-json\/wp\/v2\/pages\/2516","targetHints":{"allow":["GET"]}}],"collection":[{"href":"https:\/\/project-spaces.eu\/b4b\/hr\/wp-json\/wp\/v2\/pages"}],"about":[{"href":"https:\/\/project-spaces.eu\/b4b\/hr\/wp-json\/wp\/v2\/types\/page"}],"author":[{"embeddable":true,"href":"https:\/\/project-spaces.eu\/b4b\/hr\/wp-json\/wp\/v2\/users\/6"}],"replies":[{"embeddable":true,"href":"https:\/\/project-spaces.eu\/b4b\/hr\/wp-json\/wp\/v2\/comments?post=2516"}],"version-history":[{"count":4,"href":"https:\/\/project-spaces.eu\/b4b\/hr\/wp-json\/wp\/v2\/pages\/2516\/revisions"}],"predecessor-version":[{"id":2627,"href":"https:\/\/project-spaces.eu\/b4b\/hr\/wp-json\/wp\/v2\/pages\/2516\/revisions\/2627"}],"wp:attachment":[{"href":"https:\/\/project-spaces.eu\/b4b\/hr\/wp-json\/wp\/v2\/media?parent=2516"}],"curies":[{"name":"wp","href":"https:\/\/api.w.org\/{rel}","templated":true}]}}