{"id":2516,"date":"2025-10-02T16:52:26","date_gmt":"2025-10-02T16:52:26","guid":{"rendered":"https:\/\/project-spaces.eu\/b4b\/?page_id=2516"},"modified":"2026-02-17T11:47:38","modified_gmt":"2026-02-17T11:47:38","slug":"pathways","status":"publish","type":"page","link":"https:\/\/project-spaces.eu\/b4b\/it\/pathways\/","title":{"rendered":"Percorsi"},"content":{"rendered":"<p>Questa tabella di marcia fornisce un percorso strutturato e un calendario per le piccole e medie imprese (PMI) che desiderano adottare le tecnologie di intelligenza artificiale (AI). Delinea un quadro di riferimento in cinque fasi, che pu\u00f2 essere applicato a tutte le PMI:&nbsp;<\/p>\n\n\n\n<ol class=\"wp-block-list\">\n<li>Valutazione e preparazione&nbsp;<\/li>\n\n\n\n<li>Selezione e pianificazione della tecnologia&nbsp;<\/li>\n\n\n\n<li>Implementazione e integrazione&nbsp;<\/li>\n\n\n\n<li>Monitoraggio e ottimizzazione&nbsp;<\/li>\n\n\n\n<li>Conformit\u00e0, etica e scalabilit\u00e0&nbsp;<\/li>\n<\/ol>\n\n\n\n<p>Si tratta di una guida basata sulle migliori pratiche che tiene conto delle disparit\u00e0 regionali nell'adozione dell'IA nell'UE analizzate nei Paesi partner Francia, Spagna, Croazia, Austria, Italia, Irlanda: ogni partner ha scelto 3 esempi nazionali e 1 europeo da un Paese non rappresentato all'interno del consorzio.<\/p>\n\n\n\n<p>Dalla ricerca \u00e8 emerso un elenco di settori di PMI in cui l'IA \u00e8 stata applicata in vari processi e attivit\u00e0, come segue:<\/p>\n\n\n\n<ul class=\"wp-block-list\">\n<li>Commercio, marketing e vendite&nbsp;<\/li>\n\n\n\n<li>Industria e produzione&nbsp;<\/li>\n<\/ul>\n\n\n\n<ul class=\"wp-block-list\">\n<li>Digitale e informazione&nbsp;<\/li>\n\n\n\n<li>Tecnologia Assistenza sanitaria e scienze della vita&nbsp;<\/li>\n\n\n\n<li>Servizi commerciali e professionali&nbsp;<\/li>\n\n\n\n<li>Finanza e Fintech<\/li>\n\n\n\n<li>Logistica e ospitalit\u00e0<\/li>\n<\/ul>\n\n\n\n<p>Tuttavia, riconosciamo che per le PMI pu\u00f2 essere difficile capire come queste fasi si applichino in pratica ai loro settori specifici. Per questo motivo, la roadmap \u00e8 organizzata in due parti:<\/p>\n\n\n\n<ol class=\"wp-block-list\">\n<li>Core framework: un modello di transizione generale applicabile a tutte le PMI.<\/li>\n\n\n\n<li>Percorsi specifici per settori: sottosezioni che illustrano, con esempi concreti, come il quadro di riferimento possa essere adattato ai diversi settori individuati nell'analisi.&nbsp;<\/li>\n<\/ol>\n\n\n\n<p>Questo duplice approccio garantisce alle PMI di beneficiare di un modello di transizione strutturato e di accedere a una guida pratica e settoriale per l'adozione dell'IA.<\/p>\n\n\n\n<p class=\"has-large-font-size\"><strong>Materiali dedicati<\/strong><\/p>\n\n\n\n<style>\n\/* Hide all by default *\/\n.lang-iframe { display: none; }\n\n\/* Show one based on <html lang=\"..\"> *\/\nhtml[lang^=\"en\"] .iframe-en { display: block; }\nhtml[lang^=\"es\"] .iframe-es { display: block; }\nhtml[lang^=\"fr\"] .iframe-fr { display: block; }\nhtml[lang^=\"de\"] .iframe-de { display: block; }\nhtml[lang^=\"it\"] .iframe-it { display: block; }\nhtml[lang^=\"hr\"] .iframe-hr { display: block; }\n<\/style>\n\n<div class=\"lang-iframe iframe-en\">\n  <iframe src=\"https:\/\/heyzine.com\/flip-book\/3170701f78.html\" width=\"100%\" height=\"800\" style=\"border:0;\" loading=\"lazy\"><\/iframe>\n<\/div>\n\n<div class=\"lang-iframe iframe-es\">\n  <iframe src=\"https:\/\/heyzine.com\/flip-book\/9f115b89ef.html\" width=\"100%\" height=\"800\" style=\"border:0;\" loading=\"lazy\"><\/iframe>\n<\/div>\n\n<div class=\"lang-iframe iframe-fr\">\n  <iframe src=\"https:\/\/heyzine.com\/flip-book\/4acf5992c9.html\" width=\"100%\" height=\"800\" style=\"border:0;\" loading=\"lazy\"><\/iframe>\n<\/div>\n\n<div class=\"lang-iframe iframe-de\">\n  <iframe src=\"https:\/\/heyzine.com\/flip-book\/940c535fb7.html\" width=\"100%\" height=\"800\" style=\"border:0;\" loading=\"lazy\"><\/iframe>\n<\/div>\n\n<div class=\"lang-iframe iframe-it\">\n  <iframe src=\"https:\/\/heyzine.com\/flip-book\/bd96860863.html\" width=\"100%\" height=\"800\" style=\"border:0;\" loading=\"lazy\"><\/iframe>\n<\/div>\n\n<div class=\"lang-iframe iframe-hr\">\n  <iframe src=\"https:\/\/heyzine.com\/flip-book\/b4989c9f8f.html\" width=\"100%\" height=\"800\" style=\"border:0;\" loading=\"lazy\"><\/iframe>\n<\/div>\n\n\n\n\n<p><\/p>","protected":false},"excerpt":{"rendered":"<p>This roadmap provides a structured path and timetable for small and medium-sized enterprises (SMEs) wishing to adopt artificial intelligence (AI) technologies. It outlines a five-phase framework, that can be applied across all SMEs:&nbsp; It is a guide based on the best practices taking into account the regional disparities of AI adoption across EU analysed in [&hellip;]<\/p>","protected":false},"author":6,"featured_media":0,"parent":0,"menu_order":0,"comment_status":"closed","ping_status":"closed","template":"","meta":{"footnotes":""},"class_list":["post-2516","page","type-page","status-publish","hentry"],"_links":{"self":[{"href":"https:\/\/project-spaces.eu\/b4b\/it\/wp-json\/wp\/v2\/pages\/2516","targetHints":{"allow":["GET"]}}],"collection":[{"href":"https:\/\/project-spaces.eu\/b4b\/it\/wp-json\/wp\/v2\/pages"}],"about":[{"href":"https:\/\/project-spaces.eu\/b4b\/it\/wp-json\/wp\/v2\/types\/page"}],"author":[{"embeddable":true,"href":"https:\/\/project-spaces.eu\/b4b\/it\/wp-json\/wp\/v2\/users\/6"}],"replies":[{"embeddable":true,"href":"https:\/\/project-spaces.eu\/b4b\/it\/wp-json\/wp\/v2\/comments?post=2516"}],"version-history":[{"count":4,"href":"https:\/\/project-spaces.eu\/b4b\/it\/wp-json\/wp\/v2\/pages\/2516\/revisions"}],"predecessor-version":[{"id":2627,"href":"https:\/\/project-spaces.eu\/b4b\/it\/wp-json\/wp\/v2\/pages\/2516\/revisions\/2627"}],"wp:attachment":[{"href":"https:\/\/project-spaces.eu\/b4b\/it\/wp-json\/wp\/v2\/media?parent=2516"}],"curies":[{"name":"wp","href":"https:\/\/api.w.org\/{rel}","templated":true}]}}